{"id":1782,"date":"2026-03-28T12:32:36","date_gmt":"2026-03-28T12:32:36","guid":{"rendered":"https:\/\/3rcollective.us\/?page_id=1782"},"modified":"2026-03-28T12:33:24","modified_gmt":"2026-03-28T12:33:24","slug":"warunki-i-zasady","status":"publish","type":"page","link":"https:\/\/3rcollective.us\/pl\/terms-conditions\/","title":{"rendered":"Zasady i warunki"},"content":{"rendered":"<div data-elementor-type=\"wp-page\" data-elementor-id=\"1782\" class=\"elementor elementor-1782\" data-elementor-post-type=\"page\">\n\t\t\t\t<div class=\"elementor-element elementor-element-19b8c8c e-flex e-con-boxed e-con e-parent\" data-id=\"19b8c8c\" data-element_type=\"container\" data-e-type=\"container\" data-settings=\"{&quot;background_background&quot;:&quot;classic&quot;}\">\n\t\t\t\t\t<div class=\"e-con-inner\">\n\t\t<div class=\"elementor-element elementor-element-372848a e-con-full e-flex e-con e-child\" data-id=\"372848a\" data-element_type=\"container\" data-e-type=\"container\">\n\t\t\t\t<div class=\"elementor-element elementor-element-0ccf104 elementor-widget elementor-widget-heading\" data-id=\"0ccf104\" data-element_type=\"widget\" data-e-type=\"widget\" data-widget_type=\"heading.default\">\n\t\t\t\t<div class=\"elementor-widget-container\">\n\t\t\t\t\t<h1 class=\"elementor-heading-title elementor-size-default\">Zasady i warunki<\/h1>\t\t\t\t<\/div>\n\t\t\t\t<\/div>\n\t\t\t\t<\/div>\n\t\t\t\t\t<\/div>\n\t\t\t\t<\/div>\n\t\t<div class=\"elementor-element elementor-element-145bf68 e-flex e-con-boxed e-con e-parent\" data-id=\"145bf68\" data-element_type=\"container\" data-e-type=\"container\" data-settings=\"{&quot;background_background&quot;:&quot;classic&quot;}\">\n\t\t\t\t\t<div class=\"e-con-inner\">\n\t\t\t\t<div class=\"elementor-element elementor-element-7bdc85f elementor-widget elementor-widget-text-editor\" data-id=\"7bdc85f\" data-element_type=\"widget\" data-e-type=\"widget\" data-widget_type=\"text-editor.default\">\n\t\t\t\t<div class=\"elementor-widget-container\">\n\t\t\t\t\t\t\t\t\t<h2 data-section-id=\"1psoio7\" data-start=\"451\" data-end=\"478\">1. Akceptacja Warunk\u00f3w<\/h2><p data-start=\"479\" data-end=\"635\">Uzyskuj\u0105c dost\u0119p do tej strony internetowej (\u201cStrona\u201d) lub korzystaj\u0105c z niej, zgadzasz si\u0119 przestrzega\u0107 niniejszego Regulaminu. Je\u015bli si\u0119 z nim nie zgadzasz, nie korzystaj z tej Strony.<\/p><p data-start=\"637\" data-end=\"785\">Strona jest prowadzona przez 3R Collective, organizacj\u0119 zajmuj\u0105c\u0105 si\u0119 rzecznictwem polityki, kt\u00f3rej celem jest promowanie racjonalnego, odpowiedzialnego i reprezentatywnego zarz\u0105dzania.<\/p><hr data-start=\"787\" data-end=\"790\" \/><h2 data-section-id=\"1m4slbn\" data-start=\"792\" data-end=\"823\">Cel tej strony internetowej<\/h2><p data-start=\"824\" data-end=\"921\">Niniejsza strona internetowa s\u0142u\u017cy celom informacyjnym, edukacyjnym i wspieraj\u0105cym. Tre\u015b\u0107 mo\u017ce obejmowa\u0107:<\/p><ul data-start=\"923\" data-end=\"1100\"><li data-section-id=\"1mjdhcr\" data-start=\"923\" data-end=\"956\">Stanowiska polityczne i analizy<\/li><li data-section-id=\"1ud3rsx\" data-start=\"957\" data-end=\"986\">Materia\u0142y edukacyjne dla wyborc\u00f3w<\/li><li data-section-id=\"10n1p70\" data-start=\"987\" data-end=\"1033\">Wezwania do dzia\u0142ania i mo\u017cliwo\u015bci rzecznictwa<\/li><li data-section-id=\"1cv5wgc\" data-start=\"1034\" data-end=\"1100\">Informacje o legislacji, wyborach i zaanga\u017cowaniu obywatelskim<\/li><\/ul><p data-start=\"1102\" data-end=\"1148\">Nic na tej stronie nie stanowi porady prawnej.<\/p><hr data-start=\"1150\" data-end=\"1153\" \/><h2 data-section-id=\"1es20od\" data-start=\"1155\" data-end=\"1175\">3. Zachowanie U\u017cytkownika<\/h2><p data-start=\"1176\" data-end=\"1224\">Korzystaj\u0105c z tej Witryny, zgadzasz si\u0119, \u017ce nie b\u0119dziesz:<\/p><ul data-start=\"1226\" data-end=\"1422\"><li data-section-id=\"1wav75\" data-start=\"1226\" data-end=\"1264\">U\u017cywa\u0107 strony do bezprawnych cel\u00f3w<\/li><li data-section-id=\"gladuv\" data-start=\"1265\" data-end=\"1325\">Pr\u00f3ba ingerencji w funkcjonalno\u015b\u0107 lub bezpiecze\u0144stwo Witryny<\/li><li data-section-id=\"1po72v6\" data-start=\"1326\" data-end=\"1378\">Przesy\u0142anie fa\u0142szywych, wprowadzaj\u0105cych w b\u0142\u0105d lub szkodliwych informacji<\/li><li data-section-id=\"fgw0p8\" data-start=\"1379\" data-end=\"1422\">N\u0119ka\u0107, grozi\u0107 lub podszywa\u0107 si\u0119 pod innych<\/li><\/ul><p data-start=\"1424\" data-end=\"1492\">Zastrzegamy sobie prawo do ograniczenia lub zako\u0144czenia dost\u0119pu w przypadku naruszenia.<\/p><hr data-start=\"1494\" data-end=\"1497\" \/><h2 data-section-id=\"ivum\" data-start=\"1499\" data-end=\"1546\">4. Zastrze\u017cenie dotycz\u0105ce tre\u015bci politycznych i rzeczniczych<\/h2><p data-start=\"1547\" data-end=\"1664\">Kolektyw 3R to <strong data-start=\"1570\" data-end=\"1611\">organizacja po\u017cytku publicznego 501(c)(4)<\/strong> i anga\u017cuje si\u0119 w rzecznictwo i edukacj\u0119 w zakresie polityki publicznej.<\/p><p data-start=\"1666\" data-end=\"1741\">Tre\u015b\u0107 na tej stronie odzwierciedla stanowiska organizacji i mo\u017ce obejmowa\u0107:<\/p><ul data-start=\"1743\" data-end=\"1854\"><li data-section-id=\"1nqoz1z\" data-start=\"1743\" data-end=\"1791\">Opinie na temat legislacji i urz\u0119dnik\u00f3w pa\u0144stwowych<\/li><li data-section-id=\"724qg1\" data-start=\"1792\" data-end=\"1814\">Kampanie rzecznicze<\/li><li data-section-id=\"xrsr7k\" data-start=\"1815\" data-end=\"1854\">G\u0142osy za lub przeciw polityce<\/li><\/ul><p data-start=\"1856\" data-end=\"1943\">U\u017cytkownicy powinni samodzielnie weryfikowa\u0107 informacje przy podejmowaniu decyzji osobistych lub wyborczych.<\/p><hr data-start=\"1945\" data-end=\"1948\" \/><h2 data-section-id=\"11x1uul\" data-start=\"1950\" data-end=\"1975\">5. Linki stron trzecich<\/h2><p data-start=\"1976\" data-end=\"2071\">Ta strona mo\u017ce zawiera\u0107 linki do stron zewn\u0119trznych (np. narz\u0119dzia do rejestracji wyborc\u00f3w, zasoby rz\u0105dowe).<\/p><p data-start=\"2073\" data-end=\"2100\">Nie ponosimy odpowiedzialno\u015bci za:<\/p><ul data-start=\"2102\" data-end=\"2228\"><li data-section-id=\"1m3fa21\" data-start=\"2102\" data-end=\"2150\">Tre\u015b\u0107 lub dok\u0142adno\u015b\u0107 witryn stron trzecich<\/li><li data-section-id=\"1o41ez6\" data-start=\"2151\" data-end=\"2187\">Praktyki dotycz\u0105ce prywatno\u015bci tych stron internetowych<\/li><li data-section-id=\"xkgmyg\" data-start=\"2188\" data-end=\"2228\">Wszelkie szkody wynikaj\u0105ce z ich u\u017cywania<\/li><\/ul><p data-start=\"2230\" data-end=\"2262\">U\u017cyj ich wed\u0142ug w\u0142asnego uznania.<\/p><hr data-start=\"2264\" data-end=\"2267\" \/><h2 data-section-id=\"1iy6dja\" data-start=\"2269\" data-end=\"2298\">6. W\u0142asno\u015b\u0107 intelektualna<\/h2><p data-start=\"2299\" data-end=\"2440\">Wszystkie tre\u015bci zawarte w tej Witrynie \u2013 w tym teksty, grafiki, logo i materia\u0142y \u2013 nale\u017c\u0105 do 3R Collective lub s\u0105 licencjonowane przez 3R Collective, chyba \u017ce zaznaczono inaczej.<\/p><p data-start=\"2442\" data-end=\"2450\">Mo\u017cesz:<\/p><ul data-start=\"2452\" data-end=\"2514\"><li data-section-id=\"8qclmf\" data-start=\"2452\" data-end=\"2514\">Udost\u0119pniaj tre\u015bci do cel\u00f3w niekomercyjnych z podaniem autora<\/li><\/ul><p data-start=\"2516\" data-end=\"2528\">Nie wolno Ci:<\/p><ul data-start=\"2530\" data-end=\"2612\"><li data-section-id=\"1jjal3p\" data-start=\"2530\" data-end=\"2612\">Reprodukowa\u0107, rozpowszechnia\u0107 lub modyfikowa\u0107 tre\u015bci do cel\u00f3w komercyjnych bez zgody<\/li><\/ul><hr data-start=\"2614\" data-end=\"2617\" \/><h2 data-section-id=\"11idob3\" data-start=\"2619\" data-end=\"2641\">7. Komunikacja<\/h2><p data-start=\"2642\" data-end=\"2704\">Je\u015bli skontaktujesz si\u0119 z nami, zapiszesz si\u0119 na aktualizacje lub prze\u015blesz informacje:<\/p><ul data-start=\"2706\" data-end=\"2831\"><li data-section-id=\"1lfpyr0\" data-start=\"2706\" data-end=\"2775\">Zgadzasz si\u0119, \u017ce mo\u017cemy skontaktowa\u0107 si\u0119 z Tob\u0105 w sprawie Twojego zapytania lub zg\u0142oszenia.<\/li><li data-section-id=\"17tna86\" data-start=\"2776\" data-end=\"2831\">Zgadzasz si\u0119 nie przesy\u0142a\u0107 bezprawnych ani szkodliwych tre\u015bci<\/li><\/ul><hr data-start=\"2833\" data-end=\"2836\" \/><h2 data-section-id=\"1gqusvp\" data-start=\"2838\" data-end=\"2869\">8. Ograniczenie odpowiedzialno\u015bci<\/h2><p data-start=\"2870\" data-end=\"2906\">3R Collective nie ponosi odpowiedzialno\u015bci za:<\/p><ul data-start=\"2908\" data-end=\"3027\"><li data-section-id=\"1xnahvk\" data-start=\"2908\" data-end=\"2942\">B\u0142\u0119dy lub pomini\u0119cia w tre\u015bci<\/li><li data-section-id=\"wr3qa8\" data-start=\"2943\" data-end=\"2980\">Przerwy lub problemy techniczne<\/li><li data-section-id=\"hq8ko1\" data-start=\"2981\" data-end=\"3027\">Wszelkie szkody wynikaj\u0105ce z korzystania z Witryny<\/li><\/ul><p data-start=\"3029\" data-end=\"3065\">U\u017cytkownik korzysta z Witryny na w\u0142asne ryzyko.<\/p><hr data-start=\"3067\" data-end=\"3070\" \/><h2 data-section-id=\"uihw69\" data-start=\"3072\" data-end=\"3096\">9. Zmiany w Regulaminie<\/h2><p data-start=\"3097\" data-end=\"3196\">Mo\u017cemy aktualizowa\u0107 niniejsze Warunki w dowolnym momencie. Dalsze korzystanie z Witryny oznacza akceptacj\u0119 zmian.<\/p><hr data-start=\"3198\" data-end=\"3201\" \/><h2 data-section-id=\"19fccg6\" data-start=\"3203\" data-end=\"3231\">10. Dane kontaktowe<\/h2><p data-start=\"3232\" data-end=\"3268\">W przypadku pyta\u0144 dotycz\u0105cych niniejszych Warunk\u00f3w:<\/p><p data-start=\"3270\" data-end=\"3323\">E-mail: <a class=\"decorated-link cursor-pointer\" rel=\"noopener\" data-start=\"3277\" data-end=\"3297\">info@3rcollective.us<\/a><br data-start=\"3297\" data-end=\"3300\" \/>Telefon: <a href=\"http:\/\/+16147211850\" data-wplink-url-error=\"true\">(614) 721-1850<\/a><\/p>\t\t\t\t\t\t\t\t<\/div>\n\t\t\t\t<\/div>\n\t\t\t\t\t<\/div>\n\t\t\t\t<\/div>\n\t\t\t\t<\/div>","protected":false},"excerpt":{"rendered":"<p>Terms and Conditions 1. Acceptance of Terms By accessing or using this website (\u201cSite\u201d), you agree to comply with and be bound by these Terms and Conditions. If you do not agree, do not use this Site. The Site is operated by the 3R Collective, a policy advocacy organization focused on promoting rational, responsible, and [&hellip;]<\/p>\n","protected":false},"author":2,"featured_media":0,"parent":0,"menu_order":0,"comment_status":"closed","ping_status":"closed","template":"","meta":{"site-sidebar-layout":"no-sidebar","site-content-layout":"page-builder","ast-site-content-layout":"default","site-content-style":"default","site-sidebar-style":"default","ast-global-header-display":"","ast-banner-title-visibility":"","ast-main-header-display":"","ast-hfb-above-header-display":"","ast-hfb-below-header-display":"","ast-hfb-mobile-header-display":"","site-post-title":"disabled","ast-breadcrumbs-content":"disabled","ast-featured-img":"disabled","footer-sml-layout":"","ast-disable-related-posts":"","theme-transparent-header-meta":"enabled","adv-header-id-meta":"","stick-header-meta":"","header-above-stick-meta":"","header-main-stick-meta":"","header-below-stick-meta":"","astra-migrate-meta-layouts":"default","ast-page-background-enabled":"default","ast-page-background-meta":{"desktop":{"background-color":"var(--ast-global-color-4)","background-image":"","background-repeat":"repeat","background-position":"center center","background-size":"auto","background-attachment":"scroll","background-type":"","background-media":"","overlay-type":"","overlay-color":"","overlay-opacity":"","overlay-gradient":""},"tablet":{"background-color":"","background-image":"","background-repeat":"repeat","background-position":"center center","background-size":"auto","background-attachment":"scroll","background-type":"","background-media":"","overlay-type":"","overlay-color":"","overlay-opacity":"","overlay-gradient":""},"mobile":{"background-color":"","background-image":"","background-repeat":"repeat","background-position":"center center","background-size":"auto","background-attachment":"scroll","background-type":"","background-media":"","overlay-type":"","overlay-color":"","overlay-opacity":"","overlay-gradient":""}},"ast-content-background-meta":{"desktop":{"background-color":"var(--ast-global-color-5)","background-image":"","background-repeat":"repeat","background-position":"center center","background-size":"auto","background-attachment":"scroll","background-type":"","background-media":"","overlay-type":"","overlay-color":"","overlay-opacity":"","overlay-gradient":""},"tablet":{"background-color":"var(--ast-global-color-5)","background-image":"","background-repeat":"repeat","background-position":"center center","background-size":"auto","background-attachment":"scroll","background-type":"","background-media":"","overlay-type":"","overlay-color":"","overlay-opacity":"","overlay-gradient":""},"mobile":{"background-color":"var(--ast-global-color-5)","background-image":"","background-repeat":"repeat","background-position":"center center","background-size":"auto","background-attachment":"scroll","background-type":"","background-media":"","overlay-type":"","overlay-color":"","overlay-opacity":"","overlay-gradient":""}},"footnotes":""},"class_list":["post-1782","page","type-page","status-publish","hentry"],"yoast_head":"<!-- This site is optimized with the Yoast SEO plugin v27.3 - https:\/\/yoast.com\/product\/yoast-seo-wordpress\/ -->\n<title>Terms and Conditions - The 3R Collective<\/title>\n<meta name=\"robots\" content=\"index, follow, max-snippet:-1, max-image-preview:large, max-video-preview:-1\" \/>\n<link rel=\"canonical\" href=\"https:\/\/3rcollective.us\/pl\/warunki-i-zasady\/\" \/>\n<meta property=\"og:locale\" content=\"pl_PL\" \/>\n<meta property=\"og:type\" content=\"article\" \/>\n<meta property=\"og:title\" content=\"Terms and Conditions - The 3R Collective\" \/>\n<meta property=\"og:description\" content=\"Terms and Conditions 1. Acceptance of Terms By accessing or using this website (\u201cSite\u201d), you agree to comply with and be bound by these Terms and Conditions. If you do not agree, do not use this Site. The Site is operated by the 3R Collective, a policy advocacy organization focused on promoting rational, responsible, and [&hellip;]\" \/>\n<meta property=\"og:url\" content=\"https:\/\/3rcollective.us\/pl\/warunki-i-zasady\/\" \/>\n<meta property=\"og:site_name\" content=\"The 3R Collective\" \/>\n<meta property=\"article:publisher\" content=\"https:\/\/www.facebook.com\/The3RCollective\/\" \/>\n<meta property=\"article:modified_time\" content=\"2026-03-28T12:33:24+00:00\" \/>\n<meta name=\"twitter:card\" content=\"summary_large_image\" \/>\n<meta name=\"twitter:site\" content=\"@The3RCollective\" \/>\n<meta name=\"twitter:label1\" content=\"Szacowany czas czytania\" \/>\n\t<meta name=\"twitter:data1\" content=\"5 minut\" \/>\n<script type=\"application\/ld+json\" class=\"yoast-schema-graph\">{\"@context\":\"https:\\\/\\\/schema.org\",\"@graph\":[{\"@type\":\"WebPage\",\"@id\":\"https:\\\/\\\/3rcollective.us\\\/terms-conditions\\\/\",\"url\":\"https:\\\/\\\/3rcollective.us\\\/terms-conditions\\\/\",\"name\":\"Terms and Conditions - The 3R Collective\",\"isPartOf\":{\"@id\":\"https:\\\/\\\/3rcollective.us\\\/#website\"},\"datePublished\":\"2026-03-28T12:32:36+00:00\",\"dateModified\":\"2026-03-28T12:33:24+00:00\",\"breadcrumb\":{\"@id\":\"https:\\\/\\\/3rcollective.us\\\/terms-conditions\\\/#breadcrumb\"},\"inLanguage\":\"pl-PL\",\"potentialAction\":[{\"@type\":\"ReadAction\",\"target\":[\"https:\\\/\\\/3rcollective.us\\\/terms-conditions\\\/\"]}]},{\"@type\":\"BreadcrumbList\",\"@id\":\"https:\\\/\\\/3rcollective.us\\\/terms-conditions\\\/#breadcrumb\",\"itemListElement\":[{\"@type\":\"ListItem\",\"position\":1,\"name\":\"Home\",\"item\":\"https:\\\/\\\/3rcollective.us\\\/\"},{\"@type\":\"ListItem\",\"position\":2,\"name\":\"Terms and Conditions\"}]},{\"@type\":\"WebSite\",\"@id\":\"https:\\\/\\\/3rcollective.us\\\/#website\",\"url\":\"https:\\\/\\\/3rcollective.us\\\/\",\"name\":\"The 3R Collective\",\"description\":\"Fighting for Government That Works\",\"publisher\":{\"@id\":\"https:\\\/\\\/3rcollective.us\\\/#organization\"},\"potentialAction\":[{\"@type\":\"SearchAction\",\"target\":{\"@type\":\"EntryPoint\",\"urlTemplate\":\"https:\\\/\\\/3rcollective.us\\\/?s={search_term_string}\"},\"query-input\":{\"@type\":\"PropertyValueSpecification\",\"valueRequired\":true,\"valueName\":\"search_term_string\"}}],\"inLanguage\":\"pl-PL\"},{\"@type\":\"Organization\",\"@id\":\"https:\\\/\\\/3rcollective.us\\\/#organization\",\"name\":\"The 3R Collective\",\"url\":\"https:\\\/\\\/3rcollective.us\\\/\",\"logo\":{\"@type\":\"ImageObject\",\"inLanguage\":\"pl-PL\",\"@id\":\"https:\\\/\\\/3rcollective.us\\\/#\\\/schema\\\/logo\\\/image\\\/\",\"url\":\"https:\\\/\\\/3rcollective.us\\\/wp-content\\\/uploads\\\/2026\\\/03\\\/3R-Collective-Logo-Flat-Green-scaled.png\",\"contentUrl\":\"https:\\\/\\\/3rcollective.us\\\/wp-content\\\/uploads\\\/2026\\\/03\\\/3R-Collective-Logo-Flat-Green-scaled.png\",\"width\":2560,\"height\":2560,\"caption\":\"The 3R Collective\"},\"image\":{\"@id\":\"https:\\\/\\\/3rcollective.us\\\/#\\\/schema\\\/logo\\\/image\\\/\"},\"sameAs\":[\"https:\\\/\\\/www.facebook.com\\\/The3RCollective\\\/\",\"https:\\\/\\\/x.com\\\/The3RCollective\"]}]}<\/script>\n<!-- \/ Yoast SEO plugin. -->","yoast_head_json":{"title":"Regulamin - The 3R Collective","robots":{"index":"index","follow":"follow","max-snippet":"max-snippet:-1","max-image-preview":"max-image-preview:large","max-video-preview":"max-video-preview:-1"},"canonical":"https:\/\/3rcollective.us\/pl\/warunki-i-zasady\/","og_locale":"pl_PL","og_type":"article","og_title":"Terms and Conditions - The 3R Collective","og_description":"Terms and Conditions 1. Acceptance of Terms By accessing or using this website (\u201cSite\u201d), you agree to comply with and be bound by these Terms and Conditions. If you do not agree, do not use this Site. The Site is operated by the 3R Collective, a policy advocacy organization focused on promoting rational, responsible, and [&hellip;]","og_url":"https:\/\/3rcollective.us\/pl\/warunki-i-zasady\/","og_site_name":"The 3R Collective","article_publisher":"https:\/\/www.facebook.com\/The3RCollective\/","article_modified_time":"2026-03-28T12:33:24+00:00","twitter_card":"summary_large_image","twitter_site":"@The3RCollective","twitter_misc":{"Szacowany czas czytania":"5 minut"},"schema":{"@context":"https:\/\/schema.org","@graph":[{"@type":"WebPage","@id":"https:\/\/3rcollective.us\/terms-conditions\/","url":"https:\/\/3rcollective.us\/terms-conditions\/","name":"Regulamin - The 3R Collective","isPartOf":{"@id":"https:\/\/3rcollective.us\/#website"},"datePublished":"2026-03-28T12:32:36+00:00","dateModified":"2026-03-28T12:33:24+00:00","breadcrumb":{"@id":"https:\/\/3rcollective.us\/terms-conditions\/#breadcrumb"},"inLanguage":"pl-PL","potentialAction":[{"@type":"ReadAction","target":["https:\/\/3rcollective.us\/terms-conditions\/"]}]},{"@type":"BreadcrumbList","@id":"https:\/\/3rcollective.us\/terms-conditions\/#breadcrumb","itemListElement":[{"@type":"ListItem","position":1,"name":"Home","item":"https:\/\/3rcollective.us\/"},{"@type":"ListItem","position":2,"name":"Terms and Conditions"}]},{"@type":"WebSite","@id":"https:\/\/3rcollective.us\/#website","url":"https:\/\/3rcollective.us\/","name":"Kolektyw 3R","description":"Walka o sprawny rz\u0105d","publisher":{"@id":"https:\/\/3rcollective.us\/#organization"},"potentialAction":[{"@type":"SearchAction","target":{"@type":"EntryPoint","urlTemplate":"https:\/\/3rcollective.us\/?s={search_term_string}"},"query-input":{"@type":"PropertyValueSpecification","valueRequired":true,"valueName":"search_term_string"}}],"inLanguage":"pl-PL"},{"@type":"Organization","@id":"https:\/\/3rcollective.us\/#organization","name":"Kolektyw 3R","url":"https:\/\/3rcollective.us\/","logo":{"@type":"ImageObject","inLanguage":"pl-PL","@id":"https:\/\/3rcollective.us\/#\/schema\/logo\/image\/","url":"https:\/\/3rcollective.us\/wp-content\/uploads\/2026\/03\/3R-Collective-Logo-Flat-Green-scaled.png","contentUrl":"https:\/\/3rcollective.us\/wp-content\/uploads\/2026\/03\/3R-Collective-Logo-Flat-Green-scaled.png","width":2560,"height":2560,"caption":"The 3R Collective"},"image":{"@id":"https:\/\/3rcollective.us\/#\/schema\/logo\/image\/"},"sameAs":["https:\/\/www.facebook.com\/The3RCollective\/","https:\/\/x.com\/The3RCollective"]}]}},"_links":{"self":[{"href":"https:\/\/3rcollective.us\/pl\/wp-json\/wp\/v2\/pages\/1782","targetHints":{"allow":["GET"]}}],"collection":[{"href":"https:\/\/3rcollective.us\/pl\/wp-json\/wp\/v2\/pages"}],"about":[{"href":"https:\/\/3rcollective.us\/pl\/wp-json\/wp\/v2\/types\/page"}],"author":[{"embeddable":true,"href":"https:\/\/3rcollective.us\/pl\/wp-json\/wp\/v2\/users\/2"}],"replies":[{"embeddable":true,"href":"https:\/\/3rcollective.us\/pl\/wp-json\/wp\/v2\/comments?post=1782"}],"version-history":[{"count":4,"href":"https:\/\/3rcollective.us\/pl\/wp-json\/wp\/v2\/pages\/1782\/revisions"}],"predecessor-version":[{"id":1786,"href":"https:\/\/3rcollective.us\/pl\/wp-json\/wp\/v2\/pages\/1782\/revisions\/1786"}],"wp:attachment":[{"href":"https:\/\/3rcollective.us\/pl\/wp-json\/wp\/v2\/media?parent=1782"}],"curies":[{"name":"wp","href":"https:\/\/api.w.org\/{rel}","templated":true}]}}