{"id":1782,"date":"2026-03-28T12:32:36","date_gmt":"2026-03-28T12:32:36","guid":{"rendered":"https:\/\/3rcollective.us\/?page_id=1782"},"modified":"2026-03-28T12:33:24","modified_gmt":"2026-03-28T12:33:24","slug":"terminos-y-condiciones","status":"publish","type":"page","link":"https:\/\/3rcollective.us\/es\/terms-conditions\/","title":{"rendered":"T\u00e9rminos y condiciones"},"content":{"rendered":"<div data-elementor-type=\"wp-page\" data-elementor-id=\"1782\" class=\"elementor elementor-1782\" data-elementor-post-type=\"page\">\n\t\t\t\t<div class=\"elementor-element elementor-element-19b8c8c e-flex e-con-boxed e-con e-parent\" data-id=\"19b8c8c\" data-element_type=\"container\" data-e-type=\"container\" data-settings=\"{&quot;background_background&quot;:&quot;classic&quot;}\">\n\t\t\t\t\t<div class=\"e-con-inner\">\n\t\t<div class=\"elementor-element elementor-element-372848a e-con-full e-flex e-con e-child\" data-id=\"372848a\" data-element_type=\"container\" data-e-type=\"container\">\n\t\t\t\t<div class=\"elementor-element elementor-element-0ccf104 elementor-widget elementor-widget-heading\" data-id=\"0ccf104\" data-element_type=\"widget\" data-e-type=\"widget\" data-widget_type=\"heading.default\">\n\t\t\t\t<div class=\"elementor-widget-container\">\n\t\t\t\t\t<h1 class=\"elementor-heading-title elementor-size-default\">T\u00e9rminos y condiciones<\/h1>\t\t\t\t<\/div>\n\t\t\t\t<\/div>\n\t\t\t\t<\/div>\n\t\t\t\t\t<\/div>\n\t\t\t\t<\/div>\n\t\t<div class=\"elementor-element elementor-element-145bf68 e-flex e-con-boxed e-con e-parent\" data-id=\"145bf68\" data-element_type=\"container\" data-e-type=\"container\" data-settings=\"{&quot;background_background&quot;:&quot;classic&quot;}\">\n\t\t\t\t\t<div class=\"e-con-inner\">\n\t\t\t\t<div class=\"elementor-element elementor-element-7bdc85f elementor-widget elementor-widget-text-editor\" data-id=\"7bdc85f\" data-element_type=\"widget\" data-e-type=\"widget\" data-widget_type=\"text-editor.default\">\n\t\t\t\t<div class=\"elementor-widget-container\">\n\t\t\t\t\t\t\t\t\t<h2 data-section-id=\"1psoio7\" data-start=\"451\" data-end=\"478\">1. Aceptaci\u00f3n de T\u00e9rminos y Condiciones<\/h2><p data-start=\"479\" data-end=\"635\">Al acceder o usar este sitio web (\u201cSitio\u201d), usted acepta cumplir y regirse por estos T\u00e9rminos y Condiciones. Si no est\u00e1 de acuerdo, no use este Sitio.<\/p><p data-start=\"637\" data-end=\"785\">El Sitio es operado por la 3R Collective, una organizaci\u00f3n de promoci\u00f3n de pol\u00edticas centrada en fomentar una gobernanza racional, responsable y representativa.<\/p><hr data-start=\"787\" data-end=\"790\" \/><h2 data-section-id=\"1m4slbn\" data-start=\"792\" data-end=\"823\">2. Prop\u00f3sito de este sitio web<\/h2><p data-start=\"824\" data-end=\"921\">Este sitio se proporciona para fines informativos, educativos y de promoci\u00f3n. El contenido puede incluir:<\/p><ul data-start=\"923\" data-end=\"1100\"><li data-section-id=\"1mjdhcr\" data-start=\"923\" data-end=\"956\">Posiciones pol\u00edticas y an\u00e1lisis<\/li><li data-section-id=\"1ud3rsx\" data-start=\"957\" data-end=\"986\">Recursos de educaci\u00f3n para votantes<\/li><li data-section-id=\"10n1p70\" data-start=\"987\" data-end=\"1033\">Llamados a la acci\u00f3n y oportunidades de defensa<\/li><li data-section-id=\"1cv5wgc\" data-start=\"1034\" data-end=\"1100\">Informaci\u00f3n sobre legislaci\u00f3n, elecciones y participaci\u00f3n c\u00edvica<\/li><\/ul><p data-start=\"1102\" data-end=\"1148\">Nada en este Sitio constituye asesoramiento legal.<\/p><hr data-start=\"1150\" data-end=\"1153\" \/><h2 data-section-id=\"1es20od\" data-start=\"1155\" data-end=\"1175\">3. Conducta del usuario<\/h2><p data-start=\"1176\" data-end=\"1224\">Al usar este Sitio, usted acepta que no:<\/p><ul data-start=\"1226\" data-end=\"1422\"><li data-section-id=\"1wav75\" data-start=\"1226\" data-end=\"1264\">Utilizar el sitio para fines il\u00edcitos<\/li><li data-section-id=\"gladuv\" data-start=\"1265\" data-end=\"1325\">Intentar interferir con la funcionalidad o seguridad del sitio<\/li><li data-section-id=\"1po72v6\" data-start=\"1326\" data-end=\"1378\">Enviar informaci\u00f3n falsa, enga\u00f1osa o perjudicial<\/li><li data-section-id=\"fgw0p8\" data-start=\"1379\" data-end=\"1422\">Acosar, amenazar o suplantar la identidad de otros<\/li><\/ul><p data-start=\"1424\" data-end=\"1492\">Nos reservamos el derecho de restringir o terminar el acceso por violaciones.<\/p><hr data-start=\"1494\" data-end=\"1497\" \/><h2 data-section-id=\"ivum\" data-start=\"1499\" data-end=\"1546\">4. Descargo de responsabilidad de contenido pol\u00edtico y de defensa<\/h2><p data-start=\"1547\" data-end=\"1664\">El Colectivo 3R es un <strong data-start=\"1570\" data-end=\"1611\">Organizaci\u00f3n de bienestar social 501(c)(4)<\/strong> y se dedica a la defensa y la educaci\u00f3n en pol\u00edticas p\u00fablicas.<\/p><p data-start=\"1666\" data-end=\"1741\">El contenido de este Sitio refleja las posiciones de la organizaci\u00f3n y puede incluir:<\/p><ul data-start=\"1743\" data-end=\"1854\"><li data-section-id=\"1nqoz1z\" data-start=\"1743\" data-end=\"1791\">Opiniones sobre legislaci\u00f3n y funcionarios p\u00fablicos<\/li><li data-section-id=\"724qg1\" data-start=\"1792\" data-end=\"1814\">Campa\u00f1as de concienciaci\u00f3n<\/li><li data-section-id=\"xrsr7k\" data-start=\"1815\" data-end=\"1854\">Llamadas para apoyar u oponerse a pol\u00edticas<\/li><\/ul><p data-start=\"1856\" data-end=\"1943\">Los usuarios deben verificar la informaci\u00f3n de forma independiente al tomar decisiones personales o de voto.<\/p><hr data-start=\"1945\" data-end=\"1948\" \/><h2 data-section-id=\"11x1uul\" data-start=\"1950\" data-end=\"1975\">5. Enlaces de terceros<\/h2><p data-start=\"1976\" data-end=\"2071\">Este sitio puede enlazar a sitios web externos (por ejemplo, herramientas de registro de votantes, recursos gubernamentales).<\/p><p data-start=\"2073\" data-end=\"2100\">No nos hacemos responsables de:<\/p><ul data-start=\"2102\" data-end=\"2228\"><li data-section-id=\"1m3fa21\" data-start=\"2102\" data-end=\"2150\">El contenido o la precisi\u00f3n de sitios de terceros<\/li><li data-section-id=\"1o41ez6\" data-start=\"2151\" data-end=\"2187\">Pr\u00e1cticas de privacidad de esos sitios<\/li><li data-section-id=\"xkgmyg\" data-start=\"2188\" data-end=\"2228\">Cualquier da\u00f1o resultante de su uso<\/li><\/ul><p data-start=\"2230\" data-end=\"2262\">\u00dasalos a tu discreci\u00f3n.<\/p><hr data-start=\"2264\" data-end=\"2267\" \/><h2 data-section-id=\"1iy6dja\" data-start=\"2269\" data-end=\"2298\">6. Propiedad Intelectual<\/h2><p data-start=\"2299\" data-end=\"2440\">Todo el contenido de este Sitio \u2014incluyendo texto, gr\u00e1ficos, logotipos y materiales\u2014 es propiedad de o est\u00e1 licenciado para el 3R Collective, a menos que se indique lo contrario.<\/p><p data-start=\"2442\" data-end=\"2450\">Usted puede:<\/p><ul data-start=\"2452\" data-end=\"2514\"><li data-section-id=\"8qclmf\" data-start=\"2452\" data-end=\"2514\">Compartir contenido para fines no comerciales con atribuci\u00f3n<\/li><\/ul><p data-start=\"2516\" data-end=\"2528\">No puedes:<\/p><ul data-start=\"2530\" data-end=\"2612\"><li data-section-id=\"1jjal3p\" data-start=\"2530\" data-end=\"2612\">Reproducir, distribuir o modificar contenido para uso comercial sin permiso<\/li><\/ul><hr data-start=\"2614\" data-end=\"2617\" \/><h2 data-section-id=\"11idob3\" data-start=\"2619\" data-end=\"2641\">7. Comunicaciones<\/h2><p data-start=\"2642\" data-end=\"2704\">Si nos contacta, se registra para recibir actualizaciones o env\u00eda informaci\u00f3n:<\/p><ul data-start=\"2706\" data-end=\"2831\"><li data-section-id=\"1lfpyr0\" data-start=\"2706\" data-end=\"2775\">Usted acepta que podamos contactarle con respecto a su consulta o interacci\u00f3n.<\/li><li data-section-id=\"17tna86\" data-start=\"2776\" data-end=\"2831\">Usted acepta no enviar contenido ilegal o perjudicial<\/li><\/ul><hr data-start=\"2833\" data-end=\"2836\" \/><h2 data-section-id=\"1gqusvp\" data-start=\"2838\" data-end=\"2869\">8. Limitaci\u00f3n de responsabilidad<\/h2><p data-start=\"2870\" data-end=\"2906\">El Colectivo 3R no se hace responsable de:<\/p><ul data-start=\"2908\" data-end=\"3027\"><li data-section-id=\"1xnahvk\" data-start=\"2908\" data-end=\"2942\">Errores u omisiones en el contenido<\/li><li data-section-id=\"wr3qa8\" data-start=\"2943\" data-end=\"2980\">Interrupciones o problemas t\u00e9cnicos<\/li><li data-section-id=\"hq8ko1\" data-start=\"2981\" data-end=\"3027\">Cualquier da\u00f1o que resulte del uso del Sitio<\/li><\/ul><p data-start=\"3029\" data-end=\"3065\">El uso del Sitio es bajo su propio riesgo.<\/p><hr data-start=\"3067\" data-end=\"3070\" \/><h2 data-section-id=\"uihw69\" data-start=\"3072\" data-end=\"3096\">9. Cambios a los T\u00e9rminos<\/h2><p data-start=\"3097\" data-end=\"3196\">Podemos actualizar estos T\u00e9rminos en cualquier momento. El uso continuado del Sitio constituye la aceptaci\u00f3n de los cambios.<\/p><hr data-start=\"3198\" data-end=\"3201\" \/><h2 data-section-id=\"19fccg6\" data-start=\"3203\" data-end=\"3231\">10. Informaci\u00f3n de contacto<\/h2><p data-start=\"3232\" data-end=\"3268\">Para preguntas sobre estos T\u00e9rminos:<\/p><p data-start=\"3270\" data-end=\"3323\">Correo electr\u00f3nico: <a class=\"decorated-link cursor-pointer\" rel=\"noopener\" data-start=\"3277\" data-end=\"3297\">info@3rcollective.us<\/a><br data-start=\"3297\" data-end=\"3300\" \/>Tel\u00e9fono: <a href=\"http:\/\/+16147211850\" data-wplink-url-error=\"true\">(614) 721-1850<\/a><\/p>\t\t\t\t\t\t\t\t<\/div>\n\t\t\t\t<\/div>\n\t\t\t\t\t<\/div>\n\t\t\t\t<\/div>\n\t\t\t\t<\/div>","protected":false},"excerpt":{"rendered":"<p>Terms and Conditions 1. Acceptance of Terms By accessing or using this website (\u201cSite\u201d), you agree to comply with and be bound by these Terms and Conditions. If you do not agree, do not use this Site. The Site is operated by the 3R Collective, a policy advocacy organization focused on promoting rational, responsible, and [&hellip;]<\/p>\n","protected":false},"author":2,"featured_media":0,"parent":0,"menu_order":0,"comment_status":"closed","ping_status":"closed","template":"","meta":{"site-sidebar-layout":"no-sidebar","site-content-layout":"page-builder","ast-site-content-layout":"default","site-content-style":"default","site-sidebar-style":"default","ast-global-header-display":"","ast-banner-title-visibility":"","ast-main-header-display":"","ast-hfb-above-header-display":"","ast-hfb-below-header-display":"","ast-hfb-mobile-header-display":"","site-post-title":"disabled","ast-breadcrumbs-content":"disabled","ast-featured-img":"disabled","footer-sml-layout":"","ast-disable-related-posts":"","theme-transparent-header-meta":"enabled","adv-header-id-meta":"","stick-header-meta":"","header-above-stick-meta":"","header-main-stick-meta":"","header-below-stick-meta":"","astra-migrate-meta-layouts":"default","ast-page-background-enabled":"default","ast-page-background-meta":{"desktop":{"background-color":"var(--ast-global-color-4)","background-image":"","background-repeat":"repeat","background-position":"center center","background-size":"auto","background-attachment":"scroll","background-type":"","background-media":"","overlay-type":"","overlay-color":"","overlay-opacity":"","overlay-gradient":""},"tablet":{"background-color":"","background-image":"","background-repeat":"repeat","background-position":"center center","background-size":"auto","background-attachment":"scroll","background-type":"","background-media":"","overlay-type":"","overlay-color":"","overlay-opacity":"","overlay-gradient":""},"mobile":{"background-color":"","background-image":"","background-repeat":"repeat","background-position":"center center","background-size":"auto","background-attachment":"scroll","background-type":"","background-media":"","overlay-type":"","overlay-color":"","overlay-opacity":"","overlay-gradient":""}},"ast-content-background-meta":{"desktop":{"background-color":"var(--ast-global-color-5)","background-image":"","background-repeat":"repeat","background-position":"center center","background-size":"auto","background-attachment":"scroll","background-type":"","background-media":"","overlay-type":"","overlay-color":"","overlay-opacity":"","overlay-gradient":""},"tablet":{"background-color":"var(--ast-global-color-5)","background-image":"","background-repeat":"repeat","background-position":"center center","background-size":"auto","background-attachment":"scroll","background-type":"","background-media":"","overlay-type":"","overlay-color":"","overlay-opacity":"","overlay-gradient":""},"mobile":{"background-color":"var(--ast-global-color-5)","background-image":"","background-repeat":"repeat","background-position":"center center","background-size":"auto","background-attachment":"scroll","background-type":"","background-media":"","overlay-type":"","overlay-color":"","overlay-opacity":"","overlay-gradient":""}},"footnotes":""},"class_list":["post-1782","page","type-page","status-publish","hentry"],"yoast_head":"<!-- This site is optimized with the Yoast SEO plugin v27.3 - https:\/\/yoast.com\/product\/yoast-seo-wordpress\/ -->\n<title>Terms and Conditions - The 3R Collective<\/title>\n<meta name=\"robots\" content=\"index, follow, max-snippet:-1, max-image-preview:large, max-video-preview:-1\" \/>\n<link rel=\"canonical\" href=\"https:\/\/3rcollective.us\/es\/terminos-y-condiciones\/\" \/>\n<meta property=\"og:locale\" content=\"es_ES\" \/>\n<meta property=\"og:type\" content=\"article\" \/>\n<meta property=\"og:title\" content=\"Terms and Conditions - The 3R Collective\" \/>\n<meta property=\"og:description\" content=\"Terms and Conditions 1. Acceptance of Terms By accessing or using this website (\u201cSite\u201d), you agree to comply with and be bound by these Terms and Conditions. If you do not agree, do not use this Site. The Site is operated by the 3R Collective, a policy advocacy organization focused on promoting rational, responsible, and [&hellip;]\" \/>\n<meta property=\"og:url\" content=\"https:\/\/3rcollective.us\/es\/terminos-y-condiciones\/\" \/>\n<meta property=\"og:site_name\" content=\"The 3R Collective\" \/>\n<meta property=\"article:publisher\" content=\"https:\/\/www.facebook.com\/The3RCollective\/\" \/>\n<meta property=\"article:modified_time\" content=\"2026-03-28T12:33:24+00:00\" \/>\n<meta name=\"twitter:card\" content=\"summary_large_image\" \/>\n<meta name=\"twitter:site\" content=\"@The3RCollective\" \/>\n<meta name=\"twitter:label1\" content=\"Est. reading time\" \/>\n\t<meta name=\"twitter:data1\" content=\"5 minutos\" \/>\n<script type=\"application\/ld+json\" class=\"yoast-schema-graph\">{\"@context\":\"https:\\\/\\\/schema.org\",\"@graph\":[{\"@type\":\"WebPage\",\"@id\":\"https:\\\/\\\/3rcollective.us\\\/terms-conditions\\\/\",\"url\":\"https:\\\/\\\/3rcollective.us\\\/terms-conditions\\\/\",\"name\":\"Terms and Conditions - The 3R Collective\",\"isPartOf\":{\"@id\":\"https:\\\/\\\/3rcollective.us\\\/#website\"},\"datePublished\":\"2026-03-28T12:32:36+00:00\",\"dateModified\":\"2026-03-28T12:33:24+00:00\",\"breadcrumb\":{\"@id\":\"https:\\\/\\\/3rcollective.us\\\/terms-conditions\\\/#breadcrumb\"},\"inLanguage\":\"es\",\"potentialAction\":[{\"@type\":\"ReadAction\",\"target\":[\"https:\\\/\\\/3rcollective.us\\\/terms-conditions\\\/\"]}]},{\"@type\":\"BreadcrumbList\",\"@id\":\"https:\\\/\\\/3rcollective.us\\\/terms-conditions\\\/#breadcrumb\",\"itemListElement\":[{\"@type\":\"ListItem\",\"position\":1,\"name\":\"Home\",\"item\":\"https:\\\/\\\/3rcollective.us\\\/\"},{\"@type\":\"ListItem\",\"position\":2,\"name\":\"Terms and Conditions\"}]},{\"@type\":\"WebSite\",\"@id\":\"https:\\\/\\\/3rcollective.us\\\/#website\",\"url\":\"https:\\\/\\\/3rcollective.us\\\/\",\"name\":\"The 3R Collective\",\"description\":\"Fighting for Government That Works\",\"publisher\":{\"@id\":\"https:\\\/\\\/3rcollective.us\\\/#organization\"},\"potentialAction\":[{\"@type\":\"SearchAction\",\"target\":{\"@type\":\"EntryPoint\",\"urlTemplate\":\"https:\\\/\\\/3rcollective.us\\\/?s={search_term_string}\"},\"query-input\":{\"@type\":\"PropertyValueSpecification\",\"valueRequired\":true,\"valueName\":\"search_term_string\"}}],\"inLanguage\":\"es\"},{\"@type\":\"Organization\",\"@id\":\"https:\\\/\\\/3rcollective.us\\\/#organization\",\"name\":\"The 3R Collective\",\"url\":\"https:\\\/\\\/3rcollective.us\\\/\",\"logo\":{\"@type\":\"ImageObject\",\"inLanguage\":\"es\",\"@id\":\"https:\\\/\\\/3rcollective.us\\\/#\\\/schema\\\/logo\\\/image\\\/\",\"url\":\"https:\\\/\\\/3rcollective.us\\\/wp-content\\\/uploads\\\/2026\\\/03\\\/3R-Collective-Logo-Flat-Green-scaled.png\",\"contentUrl\":\"https:\\\/\\\/3rcollective.us\\\/wp-content\\\/uploads\\\/2026\\\/03\\\/3R-Collective-Logo-Flat-Green-scaled.png\",\"width\":2560,\"height\":2560,\"caption\":\"The 3R Collective\"},\"image\":{\"@id\":\"https:\\\/\\\/3rcollective.us\\\/#\\\/schema\\\/logo\\\/image\\\/\"},\"sameAs\":[\"https:\\\/\\\/www.facebook.com\\\/The3RCollective\\\/\",\"https:\\\/\\\/x.com\\\/The3RCollective\"]}]}<\/script>\n<!-- \/ Yoast SEO plugin. -->","yoast_head_json":{"title":"T\u00e9rminos y Condiciones - The 3R Collective","robots":{"index":"index","follow":"follow","max-snippet":"max-snippet:-1","max-image-preview":"max-image-preview:large","max-video-preview":"max-video-preview:-1"},"canonical":"https:\/\/3rcollective.us\/es\/terminos-y-condiciones\/","og_locale":"es_ES","og_type":"article","og_title":"Terms and Conditions - The 3R Collective","og_description":"Terms and Conditions 1. Acceptance of Terms By accessing or using this website (\u201cSite\u201d), you agree to comply with and be bound by these Terms and Conditions. If you do not agree, do not use this Site. The Site is operated by the 3R Collective, a policy advocacy organization focused on promoting rational, responsible, and [&hellip;]","og_url":"https:\/\/3rcollective.us\/es\/terminos-y-condiciones\/","og_site_name":"The 3R Collective","article_publisher":"https:\/\/www.facebook.com\/The3RCollective\/","article_modified_time":"2026-03-28T12:33:24+00:00","twitter_card":"summary_large_image","twitter_site":"@The3RCollective","twitter_misc":{"Est. reading time":"5 minutos"},"schema":{"@context":"https:\/\/schema.org","@graph":[{"@type":"WebPage","@id":"https:\/\/3rcollective.us\/terms-conditions\/","url":"https:\/\/3rcollective.us\/terms-conditions\/","name":"T\u00e9rminos y Condiciones - The 3R Collective","isPartOf":{"@id":"https:\/\/3rcollective.us\/#website"},"datePublished":"2026-03-28T12:32:36+00:00","dateModified":"2026-03-28T12:33:24+00:00","breadcrumb":{"@id":"https:\/\/3rcollective.us\/terms-conditions\/#breadcrumb"},"inLanguage":"es","potentialAction":[{"@type":"ReadAction","target":["https:\/\/3rcollective.us\/terms-conditions\/"]}]},{"@type":"BreadcrumbList","@id":"https:\/\/3rcollective.us\/terms-conditions\/#breadcrumb","itemListElement":[{"@type":"ListItem","position":1,"name":"Home","item":"https:\/\/3rcollective.us\/"},{"@type":"ListItem","position":2,"name":"Terms and Conditions"}]},{"@type":"WebSite","@id":"https:\/\/3rcollective.us\/#website","url":"https:\/\/3rcollective.us\/","name":"El Colectivo 3R","description":"Luchando por un gobierno que funcione","publisher":{"@id":"https:\/\/3rcollective.us\/#organization"},"potentialAction":[{"@type":"SearchAction","target":{"@type":"EntryPoint","urlTemplate":"https:\/\/3rcollective.us\/?s={search_term_string}"},"query-input":{"@type":"PropertyValueSpecification","valueRequired":true,"valueName":"search_term_string"}}],"inLanguage":"es"},{"@type":"Organization","@id":"https:\/\/3rcollective.us\/#organization","name":"El Colectivo 3R","url":"https:\/\/3rcollective.us\/","logo":{"@type":"ImageObject","inLanguage":"es","@id":"https:\/\/3rcollective.us\/#\/schema\/logo\/image\/","url":"https:\/\/3rcollective.us\/wp-content\/uploads\/2026\/03\/3R-Collective-Logo-Flat-Green-scaled.png","contentUrl":"https:\/\/3rcollective.us\/wp-content\/uploads\/2026\/03\/3R-Collective-Logo-Flat-Green-scaled.png","width":2560,"height":2560,"caption":"The 3R Collective"},"image":{"@id":"https:\/\/3rcollective.us\/#\/schema\/logo\/image\/"},"sameAs":["https:\/\/www.facebook.com\/The3RCollective\/","https:\/\/x.com\/The3RCollective"]}]}},"_links":{"self":[{"href":"https:\/\/3rcollective.us\/es\/wp-json\/wp\/v2\/pages\/1782","targetHints":{"allow":["GET"]}}],"collection":[{"href":"https:\/\/3rcollective.us\/es\/wp-json\/wp\/v2\/pages"}],"about":[{"href":"https:\/\/3rcollective.us\/es\/wp-json\/wp\/v2\/types\/page"}],"author":[{"embeddable":true,"href":"https:\/\/3rcollective.us\/es\/wp-json\/wp\/v2\/users\/2"}],"replies":[{"embeddable":true,"href":"https:\/\/3rcollective.us\/es\/wp-json\/wp\/v2\/comments?post=1782"}],"version-history":[{"count":4,"href":"https:\/\/3rcollective.us\/es\/wp-json\/wp\/v2\/pages\/1782\/revisions"}],"predecessor-version":[{"id":1786,"href":"https:\/\/3rcollective.us\/es\/wp-json\/wp\/v2\/pages\/1782\/revisions\/1786"}],"wp:attachment":[{"href":"https:\/\/3rcollective.us\/es\/wp-json\/wp\/v2\/media?parent=1782"}],"curies":[{"name":"wp","href":"https:\/\/api.w.org\/{rel}","templated":true}]}}